{"id":150,"date":"2026-03-10T17:10:03","date_gmt":"2026-03-10T16:10:03","guid":{"rendered":"https:\/\/chatgptm.unisb.hr\/?page_id=150"},"modified":"2026-04-29T17:03:52","modified_gmt":"2026-04-29T15:03:52","slug":"rezultati","status":"publish","type":"page","link":"https:\/\/chatgptm.unisb.hr\/en\/rezultati\/","title":{"rendered":"RESULTS"},"content":{"rendered":"<div data-elementor-type=\"wp-page\" data-elementor-id=\"150\" class=\"elementor elementor-150\">\n\t\t\t\t<div class=\"elementor-element elementor-element-98bc4d8 e-flex e-con-boxed e-con e-parent\" data-id=\"98bc4d8\" data-element_type=\"container\" data-e-type=\"container\" data-settings=\"{&quot;background_background&quot;:&quot;classic&quot;}\">\n\t\t\t\t\t<div class=\"e-con-inner\">\n\t\t<div class=\"elementor-element elementor-element-f5f4b71 e-con-full e-flex e-con e-child\" data-id=\"f5f4b71\" data-element_type=\"container\" data-e-type=\"container\">\n\t\t\t\t<div class=\"elementor-element elementor-element-dc0a42a elementor-widget elementor-widget-image\" data-id=\"dc0a42a\" data-element_type=\"widget\" data-e-type=\"widget\" data-widget_type=\"image.default\">\n\t\t\t\t\t\t\t\t\t\t\t\t\t\t\t<img fetchpriority=\"high\" decoding=\"async\" width=\"800\" height=\"248\" src=\"https:\/\/chatgptm.unisb.hr\/wp-content\/uploads\/2026\/03\/final_logo_layout-1-1024x318.png\" class=\"attachment-large size-large wp-image-540\" alt=\"\" srcset=\"https:\/\/chatgptm.unisb.hr\/wp-content\/uploads\/2026\/03\/final_logo_layout-1-1024x318.png 1024w, https:\/\/chatgptm.unisb.hr\/wp-content\/uploads\/2026\/03\/final_logo_layout-1-300x93.png 300w, https:\/\/chatgptm.unisb.hr\/wp-content\/uploads\/2026\/03\/final_logo_layout-1-768x239.png 768w, https:\/\/chatgptm.unisb.hr\/wp-content\/uploads\/2026\/03\/final_logo_layout-1-1536x478.png 1536w, https:\/\/chatgptm.unisb.hr\/wp-content\/uploads\/2026\/03\/final_logo_layout-1.png 1801w\" sizes=\"(max-width: 800px) 100vw, 800px\" \/>\t\t\t\t\t\t\t\t\t\t\t\t\t\t\t<\/div>\n\t\t\t\t<\/div>\n\t\t<div class=\"elementor-element elementor-element-c06cb69 e-con-full e-flex e-con e-child\" data-id=\"c06cb69\" data-element_type=\"container\" data-e-type=\"container\">\n\t\t\t\t<div class=\"elementor-element elementor-element-ade469a header-menu elementor-widget elementor-widget-text-editor\" data-id=\"ade469a\" data-element_type=\"widget\" data-e-type=\"widget\" data-widget_type=\"text-editor.default\">\n\t\t\t\t\t\t\t\t\t<p><a href=\"https:\/\/chatgptm.unisb.hr\/en\/\">HOME<\/a>\u00a0 \u00a0 <a href=\"https:\/\/chatgptm.unisb.hr\/en\/?page_id=290\">ABOUT THE PROJECT<\/a>\u00a0 \u00a0 \u00a0<a href=\"https:\/\/chatgptm.unisb.hr\/en\/?page_id=161\">OUR TEAM<\/a>\u00a0 \u00a0 \u00a0<a href=\"https:\/\/chatgptm.unisb.hr\/en\/?page_id=150\">RESULTS<\/a>\u00a0 \u00a0 \u00a0<a href=\"https:\/\/chatgptm.unisb.hr\/en\/?page_id=184\">NEWS<\/a>\u00a0 \u00a0 \u00a0<a href=\"https:\/\/chatgptm.unisb.hr\/en\/?page_id=432\">CONTACT<\/a>\u00a0 \u00a0 \u00a0 \u00a0 \u00a0 \u00a0 \u00a0 \u00a0 \u00a0 \u00a0 \u00a0 \u00a0 \u00a0 \u00a0 \u00a0\u00a0<\/p>\t\t\t\t\t\t\t\t<\/div>\n\t\t\t\t<\/div>\n\t\t\t\t\t<\/div>\n\t\t\t\t<\/div>\n\t\t<div class=\"elementor-element elementor-element-ea7b9d7 e-flex e-con-boxed elementor-invisible e-con e-parent\" data-id=\"ea7b9d7\" data-element_type=\"container\" data-e-type=\"container\" data-settings=\"{&quot;background_background&quot;:&quot;classic&quot;,&quot;animation&quot;:&quot;zoomIn&quot;}\">\n\t\t\t\t\t<div class=\"e-con-inner\">\n\t\t<div class=\"elementor-element elementor-element-8cd1248 e-con-full e-flex e-con e-child\" data-id=\"8cd1248\" data-element_type=\"container\" data-e-type=\"container\" data-settings=\"{&quot;background_background&quot;:&quot;classic&quot;}\">\n\t\t<div class=\"elementor-element elementor-element-140569a e-con-full e-flex e-con e-child\" data-id=\"140569a\" data-element_type=\"container\" data-e-type=\"container\" data-settings=\"{&quot;background_background&quot;:&quot;classic&quot;}\">\n\t\t\t\t<div class=\"elementor-element elementor-element-cc25ffc elementor-widget__width-auto elementor-widget elementor-widget-heading\" data-id=\"cc25ffc\" data-element_type=\"widget\" data-e-type=\"widget\" data-widget_type=\"heading.default\">\n\t\t\t\t\t<h2 class=\"elementor-heading-title elementor-size-default\">Rezultati<\/h2>\t\t\t\t<\/div>\n\t\t\t\t<\/div>\n\t\t\t\t<\/div>\n\t\t\t\t\t<\/div>\n\t\t\t\t<\/div>\n\t\t<div class=\"elementor-element elementor-element-6f79066 e-flex e-con-boxed elementor-invisible e-con e-parent\" data-id=\"6f79066\" data-element_type=\"container\" data-e-type=\"container\" data-settings=\"{&quot;background_background&quot;:&quot;classic&quot;,&quot;animation&quot;:&quot;zoomIn&quot;}\">\n\t\t\t\t\t<div class=\"e-con-inner\">\n\t\t<div class=\"elementor-element elementor-element-4241382 e-con-full e-flex e-con e-child\" data-id=\"4241382\" data-element_type=\"container\" data-e-type=\"container\">\n\t\t\t\t<div class=\"elementor-element elementor-element-eae5563 elementor-widget elementor-widget-heading\" data-id=\"eae5563\" data-element_type=\"widget\" data-e-type=\"widget\" data-widget_type=\"heading.default\">\n\t\t\t\t\t<h2 class=\"elementor-heading-title elementor-size-default\">PUBLIKACIJE<\/h2>\t\t\t\t<\/div>\n\t\t\t\t<\/div>\n\t\t\t\t\t<\/div>\n\t\t\t\t<\/div>\n\t\t<div class=\"elementor-element elementor-element-ed351ce e-grid e-con-boxed elementor-invisible e-con e-parent\" data-id=\"ed351ce\" data-element_type=\"container\" data-e-type=\"container\" data-settings=\"{&quot;background_background&quot;:&quot;classic&quot;,&quot;animation&quot;:&quot;zoomIn&quot;}\">\n\t\t\t\t\t<div class=\"e-con-inner\">\n\t\t<div class=\"elementor-element elementor-element-46ed2b5 e-con-full e-flex e-con e-child\" data-id=\"46ed2b5\" data-element_type=\"container\" data-e-type=\"container\">\n\t\t\t\t<div class=\"elementor-element elementor-element-84f2602 elementor-widget elementor-widget-image\" data-id=\"84f2602\" data-element_type=\"widget\" data-e-type=\"widget\" data-widget_type=\"image.default\">\n\t\t\t\t\t\t\t\t\t\t\t\t\t\t\t<img decoding=\"async\" width=\"800\" height=\"800\" src=\"https:\/\/chatgptm.unisb.hr\/wp-content\/uploads\/2026\/03\/Dizajn-bez-naslova-15.png\" class=\"attachment-large size-large wp-image-582\" alt=\"\" srcset=\"https:\/\/chatgptm.unisb.hr\/wp-content\/uploads\/2026\/03\/Dizajn-bez-naslova-15.png 800w, https:\/\/chatgptm.unisb.hr\/wp-content\/uploads\/2026\/03\/Dizajn-bez-naslova-15-300x300.png 300w, https:\/\/chatgptm.unisb.hr\/wp-content\/uploads\/2026\/03\/Dizajn-bez-naslova-15-150x150.png 150w, https:\/\/chatgptm.unisb.hr\/wp-content\/uploads\/2026\/03\/Dizajn-bez-naslova-15-768x768.png 768w\" sizes=\"(max-width: 800px) 100vw, 800px\" \/>\t\t\t\t\t\t\t\t\t\t\t\t\t\t\t<\/div>\n\t\t\t\t<div class=\"elementor-element elementor-element-72eb4ac elementor-widget elementor-widget-text-editor\" data-id=\"72eb4ac\" data-element_type=\"widget\" data-e-type=\"widget\" data-widget_type=\"text-editor.default\">\n\t\t\t\t\t\t\t\t\t<p>Fiser, Z., &amp; Pongra\u010di\u0107, L. (2026). Re-evaluating the SILL in the post pandemic times.\u00a0<i>Porta Linguarum. An International Journal of Foreign Language Teaching and Learning<\/i>, (45), 325\u2013341. https:\/\/doi.org\/10.30827\/portalin.vi45.33679<\/p>\t\t\t\t\t\t\t\t<\/div>\n\t\t\t\t<\/div>\n\t\t\t\t\t<\/div>\n\t\t\t\t<\/div>\n\t\t<div class=\"elementor-element elementor-element-a706777 e-flex e-con-boxed elementor-invisible e-con e-parent\" data-id=\"a706777\" data-element_type=\"container\" data-e-type=\"container\" data-settings=\"{&quot;background_background&quot;:&quot;classic&quot;,&quot;animation&quot;:&quot;zoomIn&quot;}\">\n\t\t\t\t\t<div class=\"e-con-inner\">\n\t\t\t\t<div class=\"elementor-element elementor-element-a34e1dd elementor-widget elementor-widget-heading\" data-id=\"a34e1dd\" data-element_type=\"widget\" data-e-type=\"widget\" data-widget_type=\"heading.default\">\n\t\t\t\t\t<h2 class=\"elementor-heading-title elementor-size-default\">DISEMINACIJA<\/h2>\t\t\t\t<\/div>\n\t\t\t\t\t<\/div>\n\t\t\t\t<\/div>\n\t\t<div class=\"elementor-element elementor-element-b654c0f e-flex e-con-boxed elementor-invisible e-con e-parent\" data-id=\"b654c0f\" data-element_type=\"container\" data-e-type=\"container\" data-settings=\"{&quot;background_background&quot;:&quot;classic&quot;,&quot;animation&quot;:&quot;zoomIn&quot;}\">\n\t\t\t\t\t<div class=\"e-con-inner\">\n\t\t<div class=\"elementor-element elementor-element-2121aa2 e-con-full e-flex e-con e-child\" data-id=\"2121aa2\" data-element_type=\"container\" data-e-type=\"container\">\n\t\t\t\t<div class=\"elementor-element elementor-element-71c4082 elementor-widget elementor-widget-image\" data-id=\"71c4082\" data-element_type=\"widget\" data-e-type=\"widget\" data-widget_type=\"image.default\">\n\t\t\t\t\t\t\t\t\t\t\t\t\t\t\t<img decoding=\"async\" width=\"800\" height=\"800\" src=\"https:\/\/chatgptm.unisb.hr\/wp-content\/uploads\/2026\/04\/Dizajn-bez-naslova-26.png\" class=\"attachment-large size-large wp-image-871\" alt=\"\" srcset=\"https:\/\/chatgptm.unisb.hr\/wp-content\/uploads\/2026\/04\/Dizajn-bez-naslova-26.png 800w, https:\/\/chatgptm.unisb.hr\/wp-content\/uploads\/2026\/04\/Dizajn-bez-naslova-26-300x300.png 300w, https:\/\/chatgptm.unisb.hr\/wp-content\/uploads\/2026\/04\/Dizajn-bez-naslova-26-150x150.png 150w, https:\/\/chatgptm.unisb.hr\/wp-content\/uploads\/2026\/04\/Dizajn-bez-naslova-26-768x768.png 768w, https:\/\/chatgptm.unisb.hr\/wp-content\/uploads\/2026\/04\/Dizajn-bez-naslova-26-12x12.png 12w\" sizes=\"(max-width: 800px) 100vw, 800px\" \/>\t\t\t\t\t\t\t\t\t\t\t\t\t\t\t<\/div>\n\t\t\t\t<div class=\"elementor-element elementor-element-d04c3a0 elementor-widget elementor-widget-text-editor\" data-id=\"d04c3a0\" data-element_type=\"widget\" data-e-type=\"widget\" data-widget_type=\"text-editor.default\">\n\t\t\t\t\t\t\t\t\t<p>Doc. dr. sc. Zrinka Fi\u0161er govorit \u0107e o preliminarnim rezultatima istra\u017eivanja u\u010dinaka uporabe ChatGPT-a za pripremu i izvo\u0111enje nastave na tercijarnoj razini obrazovanje na International E.N.G.A.G.E. Staff Week 2026 &#8211;\u00a0 Erasmus+ dinami\u010dnom akademskom doga\u0111aju razmjene iskustava stru\u010dnjaka u podru\u010dju visokog obrazovanja koji se odr\u017eava 4-8.5.2026. na Ibn Haldun University u Istanbulu, Turskoj.\u00a0<\/p>\t\t\t\t\t\t\t\t<\/div>\n\t\t\t\t<\/div>\n\t\t<div class=\"elementor-element elementor-element-5423041 e-con-full e-flex e-con e-child\" data-id=\"5423041\" data-element_type=\"container\" data-e-type=\"container\">\n\t\t\t\t<div class=\"elementor-element elementor-element-3b1d02c elementor-widget elementor-widget-image\" data-id=\"3b1d02c\" data-element_type=\"widget\" data-e-type=\"widget\" data-widget_type=\"image.default\">\n\t\t\t\t\t\t\t\t\t\t\t\t\t\t\t<img loading=\"lazy\" decoding=\"async\" width=\"800\" height=\"800\" src=\"https:\/\/chatgptm.unisb.hr\/wp-content\/uploads\/2026\/03\/Dizajn-bez-naslova-17.png\" class=\"attachment-large size-large wp-image-595\" alt=\"\" srcset=\"https:\/\/chatgptm.unisb.hr\/wp-content\/uploads\/2026\/03\/Dizajn-bez-naslova-17.png 800w, https:\/\/chatgptm.unisb.hr\/wp-content\/uploads\/2026\/03\/Dizajn-bez-naslova-17-300x300.png 300w, https:\/\/chatgptm.unisb.hr\/wp-content\/uploads\/2026\/03\/Dizajn-bez-naslova-17-150x150.png 150w, https:\/\/chatgptm.unisb.hr\/wp-content\/uploads\/2026\/03\/Dizajn-bez-naslova-17-768x768.png 768w\" sizes=\"(max-width: 800px) 100vw, 800px\" \/>\t\t\t\t\t\t\t\t\t\t\t\t\t\t\t<\/div>\n\t\t\t\t<div class=\"elementor-element elementor-element-4e3422c elementor-widget elementor-widget-text-editor\" data-id=\"4e3422c\" data-element_type=\"widget\" data-e-type=\"widget\" data-widget_type=\"text-editor.default\">\n\t\t\t\t\t\t\t\t\t<p>25.-29.5.2026. voditeljica projekta gostovat \u0107e na Royal Thimphu College u Butanu, gdje \u0107e odr\u017eati predavanje o uporabi umjetne inteligencije u pou\u010davanju engleskoga kao stranoga jezika na visokoobrazovnim ustanovama. Tom \u0107e prigodom u sklopu zajedni\u010dke partnerske aktivnosti s RTC-om pro\u0161iriti projektne aktivnosti i uklju\u010diti i njihove studente kao ispitanike u ChatGPT-M projekt.\u00a0<\/p>\t\t\t\t\t\t\t\t<\/div>\n\t\t\t\t<\/div>\n\t\t<div class=\"elementor-element elementor-element-2e76d0f e-con-full e-flex e-con e-child\" data-id=\"2e76d0f\" data-element_type=\"container\" data-e-type=\"container\">\n\t\t\t\t<div class=\"elementor-element elementor-element-f074218 elementor-widget elementor-widget-image\" data-id=\"f074218\" data-element_type=\"widget\" data-e-type=\"widget\" data-widget_type=\"image.default\">\n\t\t\t\t\t\t\t\t\t\t\t\t\t\t\t<img loading=\"lazy\" decoding=\"async\" width=\"800\" height=\"800\" src=\"https:\/\/chatgptm.unisb.hr\/wp-content\/uploads\/2026\/04\/Dizajn-bez-naslova-25.png\" class=\"attachment-large size-large wp-image-862\" alt=\"\" srcset=\"https:\/\/chatgptm.unisb.hr\/wp-content\/uploads\/2026\/04\/Dizajn-bez-naslova-25.png 800w, https:\/\/chatgptm.unisb.hr\/wp-content\/uploads\/2026\/04\/Dizajn-bez-naslova-25-300x300.png 300w, https:\/\/chatgptm.unisb.hr\/wp-content\/uploads\/2026\/04\/Dizajn-bez-naslova-25-150x150.png 150w, https:\/\/chatgptm.unisb.hr\/wp-content\/uploads\/2026\/04\/Dizajn-bez-naslova-25-768x768.png 768w, https:\/\/chatgptm.unisb.hr\/wp-content\/uploads\/2026\/04\/Dizajn-bez-naslova-25-12x12.png 12w\" sizes=\"(max-width: 800px) 100vw, 800px\" \/>\t\t\t\t\t\t\t\t\t\t\t\t\t\t\t<\/div>\n\t\t\t\t<div class=\"elementor-element elementor-element-8d7ed7a elementor-widget elementor-widget-text-editor\" data-id=\"8d7ed7a\" data-element_type=\"widget\" data-e-type=\"widget\" data-widget_type=\"text-editor.default\">\n\t\t\t\t\t\t\t\t\t<p>20.-24.4.2026. tri \u010dlanice ChatGPT-M projekta sudjelovale su na Festivalu znanosti na Sveu\u010dili\u0161tu u Slavonskom Brodu. Dr. Marija Lesandri\u0107 u suradnji sa studenticama 4. godine U\u010diteljskog studija s radionicom naslova &#8216;Veliki pokus: ChatGPT i tajna energije&#8221;, doc.dr.sc. Zrinka Fi\u0161er s posterom &#8216;Shift the energy with ChatGPT&#8217; i doc.dr.sc. Anita Kati\u0107 s predavanjem &#8216;Matematika u prirodi \u2013 energija koja oblikuje svijet&#8217;.<\/p>\t\t\t\t\t\t\t\t<\/div>\n\t\t\t\t<\/div>\n\t\t\t\t\t<\/div>\n\t\t\t\t<\/div>\n\t\t<div class=\"elementor-element elementor-element-d31acb4 e-flex e-con-boxed elementor-invisible e-con e-parent\" data-id=\"d31acb4\" data-element_type=\"container\" data-e-type=\"container\" data-settings=\"{&quot;background_background&quot;:&quot;classic&quot;,&quot;animation&quot;:&quot;zoomIn&quot;}\">\n\t\t\t\t\t<div class=\"e-con-inner\">\n\t\t\t\t<div class=\"elementor-element elementor-element-9813b09 elementor-widget elementor-widget-heading\" data-id=\"9813b09\" data-element_type=\"widget\" data-e-type=\"widget\" data-widget_type=\"heading.default\">\n\t\t\t\t\t<h2 class=\"elementor-heading-title elementor-size-default\">INOVACIJE <\/h2>\t\t\t\t<\/div>\n\t\t\t\t\t<\/div>\n\t\t\t\t<\/div>\n\t\t<div class=\"elementor-element elementor-element-b3c28e6 e-flex e-con-boxed elementor-invisible e-con e-parent\" data-id=\"b3c28e6\" data-element_type=\"container\" data-e-type=\"container\" data-settings=\"{&quot;background_background&quot;:&quot;classic&quot;,&quot;animation&quot;:&quot;zoomIn&quot;}\">\n\t\t\t\t\t<div class=\"e-con-inner\">\n\t\t<div class=\"elementor-element elementor-element-ff4250e e-con-full e-flex e-con e-child\" data-id=\"ff4250e\" data-element_type=\"container\" data-e-type=\"container\">\n\t\t\t\t<div class=\"elementor-element elementor-element-db37ea2 elementor-widget elementor-widget-image\" data-id=\"db37ea2\" data-element_type=\"widget\" data-e-type=\"widget\" data-widget_type=\"image.default\">\n\t\t\t\t\t\t\t\t\t\t\t\t\t\t\t<img loading=\"lazy\" decoding=\"async\" width=\"800\" height=\"800\" src=\"https:\/\/chatgptm.unisb.hr\/wp-content\/uploads\/2026\/03\/Dizajn-bez-naslova-19.png\" class=\"attachment-large size-large wp-image-616\" alt=\"\" srcset=\"https:\/\/chatgptm.unisb.hr\/wp-content\/uploads\/2026\/03\/Dizajn-bez-naslova-19.png 800w, https:\/\/chatgptm.unisb.hr\/wp-content\/uploads\/2026\/03\/Dizajn-bez-naslova-19-300x300.png 300w, https:\/\/chatgptm.unisb.hr\/wp-content\/uploads\/2026\/03\/Dizajn-bez-naslova-19-150x150.png 150w, https:\/\/chatgptm.unisb.hr\/wp-content\/uploads\/2026\/03\/Dizajn-bez-naslova-19-768x768.png 768w\" sizes=\"(max-width: 800px) 100vw, 800px\" \/>\t\t\t\t\t\t\t\t\t\t\t\t\t\t\t<\/div>\n\t\t\t\t<div class=\"elementor-element elementor-element-ee3a847 elementor-widget elementor-widget-text-editor\" data-id=\"ee3a847\" data-element_type=\"widget\" data-e-type=\"widget\" data-widget_type=\"text-editor.default\">\n\t\t\t\t\t\t\t\t\t<p>6.2.2026. \u010dlanovi ChatGPT-M projektnog tima usavr\u0161avali su se za uporabu ChatGPT-a u svrhu nastavnih i projektnih aktivnosti na radionici koju je odr\u017eala dr. sc. Ines Vlahovi\u0107 sa Sveu\u010dili\u0161ta Algebra Bernays. U sklopu projektnih aktivnosti sklopljen je ugovor s Algebra Bernays sveu\u010dili\u0161tem kako bi se osigurala u\u010dinkovita uporaba ChatGPT licenci.<\/p>\t\t\t\t\t\t\t\t<\/div>\n\t\t\t\t<\/div>\n\t\t<div class=\"elementor-element elementor-element-953dae9 e-con-full e-flex e-con e-child\" data-id=\"953dae9\" data-element_type=\"container\" data-e-type=\"container\">\n\t\t\t\t<\/div>\n\t\t<div class=\"elementor-element elementor-element-38e2442 e-con-full e-flex e-con e-child\" data-id=\"38e2442\" data-element_type=\"container\" data-e-type=\"container\">\n\t\t\t\t<\/div>\n\t\t\t\t\t<\/div>\n\t\t\t\t<\/div>\n\t\t<div class=\"elementor-element elementor-element-815b25d e-flex e-con-boxed elementor-invisible e-con e-parent\" data-id=\"815b25d\" data-element_type=\"container\" data-e-type=\"container\" data-settings=\"{&quot;background_background&quot;:&quot;classic&quot;,&quot;animation&quot;:&quot;zoomIn&quot;}\">\n\t\t\t\t\t<div class=\"e-con-inner\">\n\t\t\t\t<div class=\"elementor-element elementor-element-d84cac7 elementor-align-center elementor-widget elementor-widget-button\" data-id=\"d84cac7\" data-element_type=\"widget\" data-e-type=\"widget\" data-widget_type=\"button.default\">\n\t\t\t\t\t\t\t\t\t\t<a class=\"elementor-button elementor-button-link elementor-size-sm\" href=\"https:\/\/chatgptm.unisb.hr\/en\/politika-privatnosti\/\">\n\t\t\t\t\t\t<span class=\"elementor-button-content-wrapper\">\n\t\t\t\t\t\t\t\t\t<span class=\"elementor-button-text\">Privacy policy<\/span>\n\t\t\t\t\t<\/span>\n\t\t\t\t\t<\/a>\n\t\t\t\t\t\t\t\t<\/div>\n\t\t\t\t\t<\/div>\n\t\t\t\t<\/div>\n\t\t<div class=\"elementor-element elementor-element-8d647bf e-flex e-con-boxed elementor-invisible e-con e-parent\" data-id=\"8d647bf\" data-element_type=\"container\" data-e-type=\"container\" data-settings=\"{&quot;background_background&quot;:&quot;classic&quot;,&quot;animation&quot;:&quot;zoomIn&quot;}\">\n\t\t\t\t\t<div class=\"e-con-inner\">\n\t\t\t\t<div class=\"elementor-element elementor-element-dd7dc4a elementor-widget elementor-widget-image\" data-id=\"dd7dc4a\" data-element_type=\"widget\" data-e-type=\"widget\" data-widget_type=\"image.default\">\n\t\t\t\t\t\t\t\t\t\t\t\t\t\t\t<img loading=\"lazy\" decoding=\"async\" width=\"800\" height=\"239\" src=\"https:\/\/chatgptm.unisb.hr\/wp-content\/uploads\/2026\/03\/nextgeneu_en-1024x306.jpg\" class=\"attachment-large size-large wp-image-411\" alt=\"\" srcset=\"https:\/\/chatgptm.unisb.hr\/wp-content\/uploads\/2026\/03\/nextgeneu_en-1024x306.jpg 1024w, https:\/\/chatgptm.unisb.hr\/wp-content\/uploads\/2026\/03\/nextgeneu_en-300x90.jpg 300w, https:\/\/chatgptm.unisb.hr\/wp-content\/uploads\/2026\/03\/nextgeneu_en-768x230.jpg 768w, https:\/\/chatgptm.unisb.hr\/wp-content\/uploads\/2026\/03\/nextgeneu_en.jpg 1100w\" sizes=\"(max-width: 800px) 100vw, 800px\" \/>\t\t\t\t\t\t\t\t\t\t\t\t\t\t\t<\/div>\n\t\t\t\t<div class=\"elementor-element elementor-element-9df63c5 elementor-widget__width-initial elementor-widget elementor-widget-text-editor\" data-id=\"9df63c5\" data-element_type=\"widget\" data-e-type=\"widget\" data-widget_type=\"text-editor.default\">\n\t\t\t\t\t\t\t\t\t<p>Funded by the European Union. The views and opinions expressed are solely those of the authors and do not necessarily reflect the views of the European Union or the European Commission. Neither the European Union nor the European Commission can be held responsible for them.<\/p>\t\t\t\t\t\t\t\t<\/div>\n\t\t\t\t<div class=\"elementor-element elementor-element-e026a36 elementor-widget__width-initial elementor-widget elementor-widget-text-editor\" data-id=\"e026a36\" data-element_type=\"widget\" data-e-type=\"widget\" data-widget_type=\"text-editor.default\">\n\t\t\t\t\t\t\t\t\t<p>\u00a9 2026 ChatGPT-M NPOO-002 Project<\/p>\t\t\t\t\t\t\t\t<\/div>\n\t\t\t\t\t<\/div>\n\t\t\t\t<\/div>\n\t\t\t\t<\/div>","protected":false},"excerpt":{"rendered":"<p>NASLOVNICA\u00a0 \u00a0 O PROJEKTU\u00a0 \u00a0 \u00a0NA\u0160 TIM\u00a0 \u00a0 \u00a0REZULTATI\u00a0 \u00a0 \u00a0NOVOSTI\u00a0 \u00a0 \u00a0KONTAKT\u00a0 \u00a0 \u00a0 \u00a0 \u00a0 \u00a0 \u00a0 \u00a0 \u00a0 \u00a0 \u00a0 \u00a0 \u00a0 \u00a0 \u00a0\u00a0 Rezultati PUBLIKACIJE Fiser, Z., &amp; Pongra\u010di\u0107, L. (2026). Re-evaluating the SILL in the post pandemic times.\u00a0Porta Linguarum. An International Journal of Foreign Language Teaching and Learning, (45), 325\u2013341. [&hellip;]<\/p>\n","protected":false},"author":2,"featured_media":0,"parent":0,"menu_order":0,"comment_status":"closed","ping_status":"closed","template":"","meta":{"footnotes":""},"class_list":["post-150","page","type-page","status-publish","hentry"],"_links":{"self":[{"href":"https:\/\/chatgptm.unisb.hr\/en\/wp-json\/wp\/v2\/pages\/150","targetHints":{"allow":["GET"]}}],"collection":[{"href":"https:\/\/chatgptm.unisb.hr\/en\/wp-json\/wp\/v2\/pages"}],"about":[{"href":"https:\/\/chatgptm.unisb.hr\/en\/wp-json\/wp\/v2\/types\/page"}],"author":[{"embeddable":true,"href":"https:\/\/chatgptm.unisb.hr\/en\/wp-json\/wp\/v2\/users\/2"}],"replies":[{"embeddable":true,"href":"https:\/\/chatgptm.unisb.hr\/en\/wp-json\/wp\/v2\/comments?post=150"}],"version-history":[{"count":79,"href":"https:\/\/chatgptm.unisb.hr\/en\/wp-json\/wp\/v2\/pages\/150\/revisions"}],"predecessor-version":[{"id":877,"href":"https:\/\/chatgptm.unisb.hr\/en\/wp-json\/wp\/v2\/pages\/150\/revisions\/877"}],"wp:attachment":[{"href":"https:\/\/chatgptm.unisb.hr\/en\/wp-json\/wp\/v2\/media?parent=150"}],"curies":[{"name":"wp","href":"https:\/\/api.w.org\/{rel}","templated":true}]}}