{"id":290,"date":"2026-03-15T11:23:39","date_gmt":"2026-03-15T10:23:39","guid":{"rendered":"https:\/\/chatgptm.unisb.hr\/?page_id=290"},"modified":"2026-03-25T14:04:59","modified_gmt":"2026-03-25T13:04:59","slug":"o-projektu-2","status":"publish","type":"page","link":"https:\/\/chatgptm.unisb.hr\/en\/o-projektu-2\/","title":{"rendered":"ABOUT THE PROJECT"},"content":{"rendered":"<div data-elementor-type=\"wp-page\" data-elementor-id=\"290\" class=\"elementor elementor-290\">\n\t\t\t\t<div class=\"elementor-element elementor-element-397e413 e-flex e-con-boxed e-con e-parent\" data-id=\"397e413\" data-element_type=\"container\" data-e-type=\"container\" data-settings=\"{&quot;background_background&quot;:&quot;classic&quot;}\">\n\t\t\t\t\t<div class=\"e-con-inner\">\n\t\t<div class=\"elementor-element elementor-element-5453dc6 e-con-full e-flex e-con e-child\" data-id=\"5453dc6\" data-element_type=\"container\" data-e-type=\"container\" data-settings=\"{&quot;background_background&quot;:&quot;classic&quot;}\">\n\t\t<div class=\"elementor-element elementor-element-76af9d7 e-con-full e-flex e-con e-child\" data-id=\"76af9d7\" data-element_type=\"container\" data-e-type=\"container\">\n\t\t\t\t<div class=\"elementor-element elementor-element-bf0a88f elementor-widget elementor-widget-image\" data-id=\"bf0a88f\" data-element_type=\"widget\" data-e-type=\"widget\" data-widget_type=\"image.default\">\n\t\t\t\t\t\t\t\t\t\t\t\t\t\t\t<img fetchpriority=\"high\" decoding=\"async\" width=\"800\" height=\"248\" src=\"https:\/\/chatgptm.unisb.hr\/wp-content\/uploads\/2026\/03\/final_logo_layout-1-1024x318.png\" class=\"attachment-large size-large wp-image-540\" alt=\"\" srcset=\"https:\/\/chatgptm.unisb.hr\/wp-content\/uploads\/2026\/03\/final_logo_layout-1-1024x318.png 1024w, https:\/\/chatgptm.unisb.hr\/wp-content\/uploads\/2026\/03\/final_logo_layout-1-300x93.png 300w, https:\/\/chatgptm.unisb.hr\/wp-content\/uploads\/2026\/03\/final_logo_layout-1-768x239.png 768w, https:\/\/chatgptm.unisb.hr\/wp-content\/uploads\/2026\/03\/final_logo_layout-1-1536x478.png 1536w, https:\/\/chatgptm.unisb.hr\/wp-content\/uploads\/2026\/03\/final_logo_layout-1.png 1801w\" sizes=\"(max-width: 800px) 100vw, 800px\" \/>\t\t\t\t\t\t\t\t\t\t\t\t\t\t\t<\/div>\n\t\t\t\t<\/div>\n\t\t\t\t<div class=\"elementor-element elementor-element-579ca59 header-menu elementor-widget elementor-widget-text-editor\" data-id=\"579ca59\" data-element_type=\"widget\" data-e-type=\"widget\" data-widget_type=\"text-editor.default\">\n\t\t\t\t\t\t\t\t\t<p><a href=\"https:\/\/chatgptm.unisb.hr\/en\/\">HOME<\/a>\u00a0 \u00a0 <a href=\"https:\/\/chatgptm.unisb.hr\/en\/?page_id=290\">ABOUT THE PROJECT<\/a>\u00a0 \u00a0 \u00a0<a href=\"https:\/\/chatgptm.unisb.hr\/en\/?page_id=161\">OUR TEAM<\/a>\u00a0 \u00a0 \u00a0<a href=\"https:\/\/chatgptm.unisb.hr\/en\/?page_id=150\">RESULTS<\/a>\u00a0 \u00a0 \u00a0<a href=\"https:\/\/chatgptm.unisb.hr\/en\/?page_id=184\">NEWS<\/a>\u00a0 \u00a0 \u00a0<a href=\"https:\/\/chatgptm.unisb.hr\/en\/?page_id=432\">CONTACT<\/a>\u00a0 \u00a0 \u00a0 \u00a0 \u00a0 \u00a0 \u00a0 \u00a0 \u00a0 \u00a0 \u00a0 \u00a0 \u00a0 \u00a0 \u00a0\u00a0<\/p>\t\t\t\t\t\t\t\t<\/div>\n\t\t\t\t<\/div>\n\t\t\t\t\t<\/div>\n\t\t\t\t<\/div>\n\t\t<div class=\"elementor-element elementor-element-4f39030 e-flex e-con-boxed elementor-invisible e-con e-parent\" data-id=\"4f39030\" data-element_type=\"container\" data-e-type=\"container\" data-settings=\"{&quot;background_background&quot;:&quot;classic&quot;,&quot;animation&quot;:&quot;zoomIn&quot;}\">\n\t\t\t\t\t<div class=\"e-con-inner\">\n\t\t<div class=\"elementor-element elementor-element-cbb71f5 e-con-full e-flex e-con e-child\" data-id=\"cbb71f5\" data-element_type=\"container\" data-e-type=\"container\">\n\t\t\t\t<div class=\"elementor-element elementor-element-a4b9db7 elementor-widget elementor-widget-image\" data-id=\"a4b9db7\" data-element_type=\"widget\" data-e-type=\"widget\" data-widget_type=\"image.default\">\n\t\t\t\t\t\t\t\t\t\t\t\t\t\t\t<img decoding=\"async\" width=\"800\" height=\"534\" src=\"https:\/\/chatgptm.unisb.hr\/wp-content\/uploads\/2026\/02\/Dizajn-bez-naslova-1024x683.jpg\" class=\"attachment-large size-large wp-image-67\" alt=\"\" srcset=\"https:\/\/chatgptm.unisb.hr\/wp-content\/uploads\/2026\/02\/Dizajn-bez-naslova-1024x683.jpg 1024w, https:\/\/chatgptm.unisb.hr\/wp-content\/uploads\/2026\/02\/Dizajn-bez-naslova-300x200.jpg 300w, https:\/\/chatgptm.unisb.hr\/wp-content\/uploads\/2026\/02\/Dizajn-bez-naslova-768x512.jpg 768w, https:\/\/chatgptm.unisb.hr\/wp-content\/uploads\/2026\/02\/Dizajn-bez-naslova-1536x1024.jpg 1536w, https:\/\/chatgptm.unisb.hr\/wp-content\/uploads\/2026\/02\/Dizajn-bez-naslova.jpg 1920w\" sizes=\"(max-width: 800px) 100vw, 800px\" \/>\t\t\t\t\t\t\t\t\t\t\t\t\t\t\t<\/div>\n\t\t\t\t<\/div>\n\t\t<div class=\"elementor-element elementor-element-6548339 e-con-full e-flex e-con e-child\" data-id=\"6548339\" data-element_type=\"container\" data-e-type=\"container\">\n\t\t<div class=\"elementor-element elementor-element-78c1b87 e-con-full e-flex e-con e-child\" data-id=\"78c1b87\" data-element_type=\"container\" data-e-type=\"container\">\n\t\t\t\t<div class=\"elementor-element elementor-element-889a52f elementor-widget elementor-widget-heading\" data-id=\"889a52f\" data-element_type=\"widget\" data-e-type=\"widget\" data-widget_type=\"heading.default\">\n\t\t\t\t\t<h2 class=\"elementor-heading-title elementor-size-default\">ABOUT THE PROJECT<\/h2>\t\t\t\t<\/div>\n\t\t\t\t<\/div>\n\t\t<div class=\"elementor-element elementor-element-2064f3a e-con-full e-flex e-con e-child\" data-id=\"2064f3a\" data-element_type=\"container\" data-e-type=\"container\">\n\t\t\t\t<div class=\"elementor-element elementor-element-ae512e4 elementor-invisible elementor-widget elementor-widget-text-editor\" data-id=\"ae512e4\" data-element_type=\"widget\" data-e-type=\"widget\" data-settings=\"{&quot;_animation&quot;:&quot;zoomIn&quot;}\" data-widget_type=\"text-editor.default\">\n\t\t\t\t\t\t\t\t\t<p>ChatGPT as a Tool for Modernizing the Teaching Process and Mitigating Burnout (\u2018ChatGPT-M\u2019) is a four-year institutional project carried out at the Department of Teacher Education and Early Childhood Education within the Department of Social Sciences and Humanities at the University of Slavonski Brod, during the period 2025\u20132029.\nThe project is funded by the NextGenerationEU programme and the National Recovery and Resilience Plan. In line with digital transformation and development, the activities of the ChatGPT-M project are focused on integrating innovative teaching methods through the use of ChatGPT, with the aim of improving the efficiency of the teaching process and reducing burnout syndrome.\nProject activities will be carried out by two working groups, WG1 and WG2, which will implement both separate and joint activities under the leadership of the project leader, Assist. Prof. Zrinka Fi\u0161er.<\/p>\t\t\t\t\t\t\t\t<\/div>\n\t\t\t\t<\/div>\n\t\t\t\t<\/div>\n\t\t\t\t\t<\/div>\n\t\t\t\t<\/div>\n\t\t<div class=\"elementor-element elementor-element-a555b9d e-flex e-con-boxed elementor-invisible e-con e-parent\" data-id=\"a555b9d\" data-element_type=\"container\" data-e-type=\"container\" data-settings=\"{&quot;background_background&quot;:&quot;classic&quot;,&quot;animation&quot;:&quot;zoomIn&quot;}\">\n\t\t\t\t\t<div class=\"e-con-inner\">\n\t\t<div class=\"elementor-element elementor-element-7cc7010 e-con-full e-flex e-con e-child\" data-id=\"7cc7010\" data-element_type=\"container\" data-e-type=\"container\">\n\t\t\t\t<div class=\"elementor-element elementor-element-98bae4c elementor-view-default elementor-widget elementor-widget-icon\" data-id=\"98bae4c\" data-element_type=\"widget\" data-e-type=\"widget\" data-widget_type=\"icon.default\">\n\t\t\t\t\t\t\t<div class=\"elementor-icon-wrapper\">\n\t\t\t<div class=\"elementor-icon\">\n\t\t\t<svg aria-hidden=\"true\" class=\"e-font-icon-svg e-fas-globe-americas\" viewbox=\"0 0 496 512\" xmlns=\"http:\/\/www.w3.org\/2000\/svg\"><path d=\"M248 8C111.03 8 0 119.03 0 256s111.03 248 248 248 248-111.03 248-248S384.97 8 248 8zm82.29 357.6c-3.9 3.88-7.99 7.95-11.31 11.28-2.99 3-5.1 6.7-6.17 10.71-1.51 5.66-2.73 11.38-4.77 16.87l-17.39 46.85c-13.76 3-28 4.69-42.65 4.69v-27.38c1.69-12.62-7.64-36.26-22.63-51.25-6-6-9.37-14.14-9.37-22.63v-32.01c0-11.64-6.27-22.34-16.46-27.97-14.37-7.95-34.81-19.06-48.81-26.11-11.48-5.78-22.1-13.14-31.65-21.75l-.8-.72a114.792 114.792 0 0 1-18.06-20.74c-9.38-13.77-24.66-36.42-34.59-51.14 20.47-45.5 57.36-82.04 103.2-101.89l24.01 12.01C203.48 89.74 216 82.01 216 70.11v-11.3c7.99-1.29 16.12-2.11 24.39-2.42l28.3 28.3c6.25 6.25 6.25 16.38 0 22.63L264 112l-10.34 10.34c-3.12 3.12-3.12 8.19 0 11.31l4.69 4.69c3.12 3.12 3.12 8.19 0 11.31l-8 8a8.008 8.008 0 0 1-5.66 2.34h-8.99c-2.08 0-4.08.81-5.58 2.27l-9.92 9.65a8.008 8.008 0 0 0-1.58 9.31l15.59 31.19c2.66 5.32-1.21 11.58-7.15 11.58h-5.64c-1.93 0-3.79-.7-5.24-1.96l-9.28-8.06a16.017 16.017 0 0 0-15.55-3.1l-31.17 10.39a11.95 11.95 0 0 0-8.17 11.34c0 4.53 2.56 8.66 6.61 10.69l11.08 5.54c9.41 4.71 19.79 7.16 30.31 7.16s22.59 27.29 32 32h66.75c8.49 0 16.62 3.37 22.63 9.37l13.69 13.69a30.503 30.503 0 0 1 8.93 21.57 46.536 46.536 0 0 1-13.72 32.98zM417 274.25c-5.79-1.45-10.84-5-14.15-9.97l-17.98-26.97a23.97 23.97 0 0 1 0-26.62l19.59-29.38c2.32-3.47 5.5-6.29 9.24-8.15l12.98-6.49C440.2 193.59 448 223.87 448 256c0 8.67-.74 17.16-1.82 25.54L417 274.25z\"><\/path><\/svg>\t\t\t<\/div>\n\t\t<\/div>\n\t\t\t\t\t\t<\/div>\n\t\t\t\t<div class=\"elementor-element elementor-element-1c4403d elementor-invisible elementor-widget elementor-widget-heading\" data-id=\"1c4403d\" data-element_type=\"widget\" data-e-type=\"widget\" data-settings=\"{&quot;_animation&quot;:&quot;zoomIn&quot;}\" data-widget_type=\"heading.default\">\n\t\t\t\t\t<h2 class=\"elementor-heading-title elementor-size-default\">Our mission<\/h2>\t\t\t\t<\/div>\n\t\t\t\t<div class=\"elementor-element elementor-element-7156517 elementor-invisible elementor-widget elementor-widget-text-editor\" data-id=\"7156517\" data-element_type=\"widget\" data-e-type=\"widget\" data-settings=\"{&quot;_animation&quot;:&quot;zoomIn&quot;}\" data-widget_type=\"text-editor.default\">\n\t\t\t\t\t\t\t\t\t<p>The mission of the ChatGPT-M project is to identify the determinants of successful implementation of ChatGPT within the comprehensive teaching process at higher education institutions in Croatia.\u00a0<\/p>\t\t\t\t\t\t\t\t<\/div>\n\t\t\t\t<\/div>\n\t\t<div class=\"elementor-element elementor-element-7036b43 e-con-full e-flex e-con e-child\" data-id=\"7036b43\" data-element_type=\"container\" data-e-type=\"container\">\n\t\t\t\t<div class=\"elementor-element elementor-element-911bfb1 elementor-view-default elementor-widget elementor-widget-icon\" data-id=\"911bfb1\" data-element_type=\"widget\" data-e-type=\"widget\" data-widget_type=\"icon.default\">\n\t\t\t\t\t\t\t<div class=\"elementor-icon-wrapper\">\n\t\t\t<div class=\"elementor-icon\">\n\t\t\t<svg aria-hidden=\"true\" class=\"e-font-icon-svg e-fas-location-arrow\" viewbox=\"0 0 512 512\" xmlns=\"http:\/\/www.w3.org\/2000\/svg\"><path d=\"M444.52 3.52L28.74 195.42c-47.97 22.39-31.98 92.75 19.19 92.75h175.91v175.91c0 51.17 70.36 67.17 92.75 19.19l191.9-415.78c15.99-38.39-25.59-79.97-63.97-63.97z\"><\/path><\/svg>\t\t\t<\/div>\n\t\t<\/div>\n\t\t\t\t\t\t<\/div>\n\t\t\t\t<div class=\"elementor-element elementor-element-4061b94 elementor-invisible elementor-widget elementor-widget-heading\" data-id=\"4061b94\" data-element_type=\"widget\" data-e-type=\"widget\" data-settings=\"{&quot;_animation&quot;:&quot;zoomIn&quot;}\" data-widget_type=\"heading.default\">\n\t\t\t\t\t<h2 class=\"elementor-heading-title elementor-size-default\">Our vision<\/h2>\t\t\t\t<\/div>\n\t\t\t\t<div class=\"elementor-element elementor-element-5ef46f9 elementor-invisible elementor-widget elementor-widget-text-editor\" data-id=\"5ef46f9\" data-element_type=\"widget\" data-e-type=\"widget\" data-settings=\"{&quot;_animation&quot;:&quot;zoomIn&quot;}\" data-widget_type=\"text-editor.default\">\n\t\t\t\t\t\t\t\t\t<p>Through clearly defined and strategically planned research, the ChatGPT-M project supports the integration of artificial intelligence tools into education in order to achieve an effective balance between human and machine activity.<\/p>\t\t\t\t\t\t\t\t<\/div>\n\t\t\t\t<\/div>\n\t\t<div class=\"elementor-element elementor-element-6867a59 e-con-full e-flex e-con e-child\" data-id=\"6867a59\" data-element_type=\"container\" data-e-type=\"container\">\n\t\t\t\t<div class=\"elementor-element elementor-element-95d084a elementor-view-default elementor-widget elementor-widget-icon\" data-id=\"95d084a\" data-element_type=\"widget\" data-e-type=\"widget\" data-widget_type=\"icon.default\">\n\t\t\t\t\t\t\t<div class=\"elementor-icon-wrapper\">\n\t\t\t<div class=\"elementor-icon\">\n\t\t\t<svg aria-hidden=\"true\" class=\"e-font-icon-svg e-fas-bullseye\" viewbox=\"0 0 496 512\" xmlns=\"http:\/\/www.w3.org\/2000\/svg\"><path d=\"M248 8C111.03 8 0 119.03 0 256s111.03 248 248 248 248-111.03 248-248S384.97 8 248 8zm0 432c-101.69 0-184-82.29-184-184 0-101.69 82.29-184 184-184 101.69 0 184 82.29 184 184 0 101.69-82.29 184-184 184zm0-312c-70.69 0-128 57.31-128 128s57.31 128 128 128 128-57.31 128-128-57.31-128-128-128zm0 192c-35.29 0-64-28.71-64-64s28.71-64 64-64 64 28.71 64 64-28.71 64-64 64z\"><\/path><\/svg>\t\t\t<\/div>\n\t\t<\/div>\n\t\t\t\t\t\t<\/div>\n\t\t\t\t<div class=\"elementor-element elementor-element-5547c21 elementor-invisible elementor-widget elementor-widget-heading\" data-id=\"5547c21\" data-element_type=\"widget\" data-e-type=\"widget\" data-settings=\"{&quot;_animation&quot;:&quot;zoomIn&quot;}\" data-widget_type=\"heading.default\">\n\t\t\t\t\t<h2 class=\"elementor-heading-title elementor-size-default\">Our goal<\/h2>\t\t\t\t<\/div>\n\t\t\t\t<div class=\"elementor-element elementor-element-5206bcd elementor-invisible elementor-widget elementor-widget-text-editor\" data-id=\"5206bcd\" data-element_type=\"widget\" data-e-type=\"widget\" data-settings=\"{&quot;_animation&quot;:&quot;zoomIn&quot;}\" data-widget_type=\"text-editor.default\">\n\t\t\t\t\t\t\t\t\t<p>The aim of the project is to define ways to enhance the efficiency of the teaching process through the use of ChatGPT in higher education institutions, introduce innovative teaching methods, and identify the determinants of burnout among teachers.<\/p>\t\t\t\t\t\t\t\t<\/div>\n\t\t\t\t<\/div>\n\t\t\t\t\t<\/div>\n\t\t\t\t<\/div>\n\t\t<div class=\"elementor-element elementor-element-bd72bd8 e-flex e-con-boxed elementor-invisible e-con e-parent\" data-id=\"bd72bd8\" data-element_type=\"container\" data-e-type=\"container\" data-settings=\"{&quot;background_background&quot;:&quot;classic&quot;,&quot;animation&quot;:&quot;zoomIn&quot;}\">\n\t\t\t\t\t<div class=\"e-con-inner\">\n\t\t\t\t<div class=\"elementor-element elementor-element-a67165d elementor-align-center elementor-widget elementor-widget-button\" data-id=\"a67165d\" data-element_type=\"widget\" data-e-type=\"widget\" data-widget_type=\"button.default\">\n\t\t\t\t\t\t\t\t\t\t<a class=\"elementor-button elementor-button-link elementor-size-sm\" href=\"https:\/\/chatgptm.unisb.hr\/en\/politika-privatnosti\/\">\n\t\t\t\t\t\t<span class=\"elementor-button-content-wrapper\">\n\t\t\t\t\t\t\t\t\t<span class=\"elementor-button-text\">Privacy policy<\/span>\n\t\t\t\t\t<\/span>\n\t\t\t\t\t<\/a>\n\t\t\t\t\t\t\t\t<\/div>\n\t\t\t\t\t<\/div>\n\t\t\t\t<\/div>\n\t\t<div class=\"elementor-element elementor-element-0472264 e-flex e-con-boxed elementor-invisible e-con e-parent\" data-id=\"0472264\" data-element_type=\"container\" data-e-type=\"container\" data-settings=\"{&quot;background_background&quot;:&quot;classic&quot;,&quot;animation&quot;:&quot;zoomIn&quot;}\">\n\t\t\t\t\t<div class=\"e-con-inner\">\n\t\t\t\t<div class=\"elementor-element elementor-element-69c0722 elementor-widget elementor-widget-image\" data-id=\"69c0722\" data-element_type=\"widget\" data-e-type=\"widget\" data-widget_type=\"image.default\">\n\t\t\t\t\t\t\t\t\t\t\t\t\t\t\t<img decoding=\"async\" width=\"800\" height=\"239\" src=\"https:\/\/chatgptm.unisb.hr\/wp-content\/uploads\/2026\/03\/nextgeneu_en-1024x306.jpg\" class=\"attachment-large size-large wp-image-411\" alt=\"\" srcset=\"https:\/\/chatgptm.unisb.hr\/wp-content\/uploads\/2026\/03\/nextgeneu_en-1024x306.jpg 1024w, https:\/\/chatgptm.unisb.hr\/wp-content\/uploads\/2026\/03\/nextgeneu_en-300x90.jpg 300w, https:\/\/chatgptm.unisb.hr\/wp-content\/uploads\/2026\/03\/nextgeneu_en-768x230.jpg 768w, https:\/\/chatgptm.unisb.hr\/wp-content\/uploads\/2026\/03\/nextgeneu_en.jpg 1100w\" sizes=\"(max-width: 800px) 100vw, 800px\" \/>\t\t\t\t\t\t\t\t\t\t\t\t\t\t\t<\/div>\n\t\t\t\t<div class=\"elementor-element elementor-element-60f4c0a elementor-widget__width-initial elementor-widget elementor-widget-text-editor\" data-id=\"60f4c0a\" data-element_type=\"widget\" data-e-type=\"widget\" data-widget_type=\"text-editor.default\">\n\t\t\t\t\t\t\t\t\t<p>Funded by the European Union. The views and opinions expressed are solely those of the authors and do not necessarily reflect the views of the European Union or the European Commission. Neither the European Union nor the European Commission can be held responsible for them.<\/p>\t\t\t\t\t\t\t\t<\/div>\n\t\t\t\t<div class=\"elementor-element elementor-element-06fa9ab elementor-widget__width-initial elementor-widget elementor-widget-text-editor\" data-id=\"06fa9ab\" data-element_type=\"widget\" data-e-type=\"widget\" data-widget_type=\"text-editor.default\">\n\t\t\t\t\t\t\t\t\t<p>\u00a9 2026 ChatGPT-M NPOO-002 Project<\/p>\t\t\t\t\t\t\t\t<\/div>\n\t\t\t\t\t<\/div>\n\t\t\t\t<\/div>\n\t\t\t\t<\/div>","protected":false},"excerpt":{"rendered":"<p>NASLOVNICA\u00a0 \u00a0 O PROJEKTU\u00a0 \u00a0 \u00a0NA\u0160 TIM\u00a0 \u00a0 \u00a0REZULTATI\u00a0 \u00a0 \u00a0NOVOSTI\u00a0 \u00a0 \u00a0KONTAKT\u00a0 \u00a0 \u00a0 \u00a0 \u00a0 \u00a0 \u00a0 \u00a0 \u00a0 \u00a0 \u00a0 \u00a0 \u00a0 \u00a0 \u00a0\u00a0 o projektu &#8216;ChatGPT kao alat za osuvremenjivanje nastavnog procesa i mitigaciju izgaranja (&#8216;ChatGPT-M) je \u010detverogodi\u0161nji institucijski projekt koji se izvodi na Odsjeku za izobrazbu u\u010ditelja i odgojitelja na [&hellip;]<\/p>\n","protected":false},"author":2,"featured_media":0,"parent":0,"menu_order":0,"comment_status":"closed","ping_status":"closed","template":"","meta":{"footnotes":""},"class_list":["post-290","page","type-page","status-publish","hentry"],"_links":{"self":[{"href":"https:\/\/chatgptm.unisb.hr\/en\/wp-json\/wp\/v2\/pages\/290","targetHints":{"allow":["GET"]}}],"collection":[{"href":"https:\/\/chatgptm.unisb.hr\/en\/wp-json\/wp\/v2\/pages"}],"about":[{"href":"https:\/\/chatgptm.unisb.hr\/en\/wp-json\/wp\/v2\/types\/page"}],"author":[{"embeddable":true,"href":"https:\/\/chatgptm.unisb.hr\/en\/wp-json\/wp\/v2\/users\/2"}],"replies":[{"embeddable":true,"href":"https:\/\/chatgptm.unisb.hr\/en\/wp-json\/wp\/v2\/comments?post=290"}],"version-history":[{"count":37,"href":"https:\/\/chatgptm.unisb.hr\/en\/wp-json\/wp\/v2\/pages\/290\/revisions"}],"predecessor-version":[{"id":800,"href":"https:\/\/chatgptm.unisb.hr\/en\/wp-json\/wp\/v2\/pages\/290\/revisions\/800"}],"wp:attachment":[{"href":"https:\/\/chatgptm.unisb.hr\/en\/wp-json\/wp\/v2\/media?parent=290"}],"curies":[{"name":"wp","href":"https:\/\/api.w.org\/{rel}","templated":true}]}}