{"id":432,"date":"2026-03-17T17:52:14","date_gmt":"2026-03-17T16:52:14","guid":{"rendered":"https:\/\/chatgptm.unisb.hr\/?page_id=432"},"modified":"2026-03-25T14:00:49","modified_gmt":"2026-03-25T13:00:49","slug":"kontakt","status":"publish","type":"page","link":"https:\/\/chatgptm.unisb.hr\/en\/kontakt\/","title":{"rendered":"CONTACT"},"content":{"rendered":"\t\t<div data-elementor-type=\"wp-page\" data-elementor-id=\"432\" class=\"elementor elementor-432\">\n\t\t\t\t<div class=\"elementor-element elementor-element-f609656 e-flex e-con-boxed e-con e-parent\" data-id=\"f609656\" data-element_type=\"container\" data-e-type=\"container\" data-settings=\"{&quot;background_background&quot;:&quot;classic&quot;}\">\n\t\t\t\t\t<div class=\"e-con-inner\">\n\t\t<div class=\"elementor-element elementor-element-e3293d5 e-con-full e-flex e-con e-child\" data-id=\"e3293d5\" data-element_type=\"container\" data-e-type=\"container\">\n\t\t\t\t<div class=\"elementor-element elementor-element-4b99d37 elementor-widget elementor-widget-image\" data-id=\"4b99d37\" data-element_type=\"widget\" data-e-type=\"widget\" data-widget_type=\"image.default\">\n\t\t\t\t\t\t\t\t\t\t\t\t\t\t\t<img fetchpriority=\"high\" decoding=\"async\" width=\"800\" height=\"248\" src=\"https:\/\/chatgptm.unisb.hr\/wp-content\/uploads\/2026\/03\/final_logo_layout-1-1024x318.png\" class=\"attachment-large size-large wp-image-540\" alt=\"\" srcset=\"https:\/\/chatgptm.unisb.hr\/wp-content\/uploads\/2026\/03\/final_logo_layout-1-1024x318.png 1024w, https:\/\/chatgptm.unisb.hr\/wp-content\/uploads\/2026\/03\/final_logo_layout-1-300x93.png 300w, https:\/\/chatgptm.unisb.hr\/wp-content\/uploads\/2026\/03\/final_logo_layout-1-768x239.png 768w, https:\/\/chatgptm.unisb.hr\/wp-content\/uploads\/2026\/03\/final_logo_layout-1-1536x478.png 1536w, https:\/\/chatgptm.unisb.hr\/wp-content\/uploads\/2026\/03\/final_logo_layout-1.png 1801w\" sizes=\"(max-width: 800px) 100vw, 800px\" \/>\t\t\t\t\t\t\t\t\t\t\t\t\t\t\t<\/div>\n\t\t\t\t<\/div>\n\t\t<div class=\"elementor-element elementor-element-5f66843 e-con-full e-flex e-con e-child\" data-id=\"5f66843\" data-element_type=\"container\" data-e-type=\"container\">\n\t\t\t\t<div class=\"elementor-element elementor-element-4b847e4 header-menu elementor-widget elementor-widget-text-editor\" data-id=\"4b847e4\" data-element_type=\"widget\" data-e-type=\"widget\" data-widget_type=\"text-editor.default\">\n\t\t\t\t\t\t\t\t\t<p><a href=\"https:\/\/chatgptm.unisb.hr\/\">NASLOVNICA<\/a>\u00a0 \u00a0 <a href=\"https:\/\/chatgptm.unisb.hr\/?page_id=290\">O PROJEKTU<\/a>\u00a0 \u00a0 \u00a0<a href=\"https:\/\/chatgptm.unisb.hr\/?page_id=161\">NA\u0160 TIM<\/a>\u00a0 \u00a0 \u00a0<a href=\"https:\/\/chatgptm.unisb.hr\/?page_id=150\">REZULTATI<\/a>\u00a0 \u00a0 \u00a0<a href=\"https:\/\/chatgptm.unisb.hr\/?page_id=184\">NOVOSTI<\/a>\u00a0 \u00a0 \u00a0<a href=\"https:\/\/chatgptm.unisb.hr\/?page_id=432\">KONTAKT<\/a>\u00a0 \u00a0 \u00a0 \u00a0 \u00a0 \u00a0 \u00a0 \u00a0 \u00a0 \u00a0 \u00a0 \u00a0 \u00a0 \u00a0 \u00a0\u00a0<\/p>\t\t\t\t\t\t\t\t<\/div>\n\t\t\t\t<\/div>\n\t\t\t\t\t<\/div>\n\t\t\t\t<\/div>\n\t\t<div class=\"elementor-element elementor-element-c0830ba e-flex e-con-boxed e-con e-parent\" data-id=\"c0830ba\" data-element_type=\"container\" data-e-type=\"container\" data-settings=\"{&quot;background_background&quot;:&quot;classic&quot;}\">\n\t\t\t\t\t<div class=\"e-con-inner\">\n\t\t\t\t<div class=\"elementor-element elementor-element-10ea47f elementor-widget elementor-widget-heading\" data-id=\"10ea47f\" data-element_type=\"widget\" data-e-type=\"widget\" data-widget_type=\"heading.default\">\n\t\t\t\t\t<h2 class=\"elementor-heading-title elementor-size-default\">Kontaktirajte nas<\/h2>\t\t\t\t<\/div>\n\t\t\t\t\t<\/div>\n\t\t\t\t<\/div>\n\t\t<div class=\"elementor-element elementor-element-8c4510f e-flex e-con-boxed e-con e-parent\" data-id=\"8c4510f\" data-element_type=\"container\" data-e-type=\"container\" data-settings=\"{&quot;background_background&quot;:&quot;classic&quot;}\">\n\t\t\t\t\t<div class=\"e-con-inner\">\n\t\t\t\t<div class=\"elementor-element elementor-element-d6dd87d fluentform-widget-submit-button-custom elementor-widget elementor-widget-fluent-form-widget\" data-id=\"d6dd87d\" data-element_type=\"widget\" data-e-type=\"widget\" data-widget_type=\"fluent-form-widget.default\">\n\t\t\t\t<div class=\"elementor-widget-container\">\n\t\t\t\t\t\n            <div class=\"fluentform-widget-wrapper fluentform-widget-align-default\">\n\n            \n            <div class='fluentform ff-default fluentform_wrapper_3 ffs_default_wrap'><form data-form_id=\"3\" id=\"fluentform_3\" class=\"frm-fluent-form fluent_form_3 ff-el-form-top ff_form_instance_3_1 ff-form-loading ffs_default\" data-form_instance=\"ff_form_instance_3_1\" method=\"POST\" ><fieldset  style=\"border: none!important;margin: 0!important;padding: 0!important;background-color: transparent!important;box-shadow: none!important;outline: none!important; min-inline-size: 100%;\">\n                    <legend class=\"ff_screen_reader_title\" style=\"display: block; margin: 0!important;padding: 0!important;height: 0!important;text-indent: -999999px;width: 0!important;overflow:hidden;\">Contact Form Demo (#3)<\/legend><input type='hidden' name='__fluent_form_embded_post_id' value='432' \/><input type=\"hidden\" id=\"_fluentform_3_fluentformnonce\" name=\"_fluentform_3_fluentformnonce\" value=\"33167a89fd\" \/><input type=\"hidden\" name=\"_wp_http_referer\" value=\"\/en\/wp-json\/wp\/v2\/pages\/432\" \/><div data-type=\"name-element\" data-name=\"names\" class=\" ff-field_container ff-name-field-wrapper\" ><div class='ff-t-container'><div class='ff-t-cell '><div class='ff-el-group'><div class=\"ff-el-input--label ff-el-is-required asterisk-right\"><label for='ff_3_names_first_name_' id='label_ff_3_names_first_name_' >Ime<\/label><\/div><div class='ff-el-input--content'><input type=\"text\" name=\"names[first_name]\" id=\"ff_3_names_first_name_\" class=\"ff-el-form-control\" placeholder=\"First Name\" aria-invalid=\"false\" aria-required=true><\/div><\/div><\/div><div class='ff-t-cell '><div class='ff-el-group'><div class=\"ff-el-input--label asterisk-right\"><label for='ff_3_names_last_name_' id='label_ff_3_names_last_name_' >Prezime<\/label><\/div><div class='ff-el-input--content'><input type=\"text\" name=\"names[last_name]\" id=\"ff_3_names_last_name_\" class=\"ff-el-form-control\" placeholder=\"Last Name\" aria-invalid=\"false\" aria-required=false><\/div><\/div><\/div><\/div><\/div><div class='ff-el-group'><div class=\"ff-el-input--label ff-el-is-required asterisk-right\"><label for='ff_3_email' id='label_ff_3_email' aria-label=\"Email adresa\">Email adresa<\/label><\/div><div class='ff-el-input--content'><input type=\"email\" name=\"email\" id=\"ff_3_email\" class=\"ff-el-form-control\" placeholder=\"Email Address\" data-name=\"email\"  aria-invalid=\"false\" aria-required=true><\/div><\/div><div class='ff-el-group'><div class=\"ff-el-input--label ff-el-is-required asterisk-right\"><label for='ff_3_subject' id='label_ff_3_subject' aria-label=\"Naslov\">Naslov<\/label><\/div><div class='ff-el-input--content'><input type=\"text\" name=\"subject\" class=\"ff-el-form-control\" placeholder=\"Subject\" data-name=\"subject\" id=\"ff_3_subject\"  aria-invalid=\"false\" aria-required=true><\/div><\/div><div class='ff-el-group'><div class=\"ff-el-input--label ff-el-is-required asterisk-right\"><label for='ff_3_message' id='label_ff_3_message' aria-label=\"Poruka\">Poruka<\/label><\/div><div class='ff-el-input--content'><textarea aria-required=\"true\" aria-labelledby=\"label_ff_3_message\" name=\"message\" id=\"ff_3_message\" class=\"ff-el-form-control\" placeholder=\"Your Message\" rows=\"4\" cols=\"2\" data-name=\"message\" ><\/textarea><\/div><\/div><div class='ff-el-group'><div class=\"ff-el-input--label asterisk-right\"><label   aria-label=\"Sla\u017eem se da se moji podaci koriste za slanje novosti i newslettera te sam upoznat\/a s Politikom privatnosti.\">Sla\u017eem se da se moji podaci koriste za slanje novosti i newslettera te sam upoznat\/a s Politikom privatnosti.<\/label><\/div><div class='ff-el-input--content'><div class='ff-el-form-check ff-el-form-check-'><label class='ff-el-form-check-label' for='checkbox_dece5b8d38b1435b8b33a4777505189b'><input  type=\"checkbox\" name=\"checkbox[]\" data-name=\"checkbox\" class=\"ff-el-form-check-input ff-el-form-check-checkbox\" value=\"Prihva\u0107am\"  id='checkbox_dece5b8d38b1435b8b33a4777505189b' aria-label='Prihva\u0107am' aria-invalid='false' aria-required=false> <span>Prihva\u0107am<\/span><\/label><\/div><\/div><\/div><div class='ff-el-group ff-text-left ff_submit_btn_wrapper'><button type=\"submit\" class=\"ff-btn ff-btn-submit ff-btn-md ff_btn_style\"  aria-label=\"Po\u0161alji\">Po\u0161alji<\/button><\/div><\/fieldset><\/form><div id='fluentform_3_errors' class='ff-errors-in-stack ff_form_instance_3_1 ff-form-loading_errors ff_form_instance_3_1_errors'><\/div><\/div>            <script type=\"text\/javascript\">\n                window.fluent_form_ff_form_instance_3_1 = {\"id\":\"3\",\"ajaxUrl\":\"https:\\\/\\\/chatgptm.unisb.hr\\\/wp-admin\\\/admin-ajax.php\",\"settings\":{\"layout\":{\"labelPlacement\":\"top\",\"asteriskPlacement\":\"asterisk-right\",\"helpMessagePlacement\":\"with_label\",\"errorMessagePlacement\":\"inline\",\"cssClassName\":\"\"},\"restrictions\":{\"denyEmptySubmission\":{\"enabled\":false}}},\"form_instance\":\"ff_form_instance_3_1\",\"form_id_selector\":\"fluentform_3\",\"rules\":{\"names[first_name]\":{\"required\":{\"value\":true,\"message\":\"This field is required\",\"global\":true,\"global_message\":\"This field is required\"}},\"names[middle_name]\":{\"required\":{\"value\":false,\"message\":\"This field is required\",\"global\":true,\"global_message\":\"This field is required\"}},\"names[last_name]\":{\"required\":{\"value\":false,\"message\":\"This field is required\",\"global\":true,\"global_message\":\"This field is required\"}},\"email\":{\"required\":{\"value\":true,\"message\":\"This field is required\",\"global\":true,\"global_message\":\"This field is required\"},\"email\":{\"value\":true,\"message\":\"This field must contain a valid email\",\"global\":true,\"global_message\":\"This field must contain a valid email\"}},\"subject\":{\"required\":{\"value\":true,\"message\":\"This field is required\",\"global\":true,\"global_message\":\"This field is required\"}},\"message\":{\"required\":{\"value\":true,\"message\":\"This field is required\",\"global\":true,\"global_message\":\"This field is required\"}},\"checkbox\":{\"required\":{\"value\":false,\"message\":\"This field is required\",\"global_message\":\"This field is required\",\"global\":true}}},\"debounce_time\":300};\n                            <\/script>\n                        <\/div>\n\n            \t\t\t\t<\/div>\n\t\t\t\t<\/div>\n\t\t\t\t\t<\/div>\n\t\t\t\t<\/div>\n\t\t<div class=\"elementor-element elementor-element-e7bd217 e-flex e-con-boxed elementor-invisible e-con e-parent\" data-id=\"e7bd217\" data-element_type=\"container\" data-e-type=\"container\" data-settings=\"{&quot;background_background&quot;:&quot;classic&quot;,&quot;animation&quot;:&quot;zoomIn&quot;}\">\n\t\t\t\t\t<div class=\"e-con-inner\">\n\t\t\t\t<div class=\"elementor-element elementor-element-c861547 elementor-align-center elementor-widget elementor-widget-button\" data-id=\"c861547\" data-element_type=\"widget\" data-e-type=\"widget\" data-widget_type=\"button.default\">\n\t\t\t\t\t\t\t\t\t\t<a class=\"elementor-button elementor-button-link elementor-size-sm\" href=\"https:\/\/chatgptm.unisb.hr\/politika-privatnosti\/\">\n\t\t\t\t\t\t<span class=\"elementor-button-content-wrapper\">\n\t\t\t\t\t\t\t\t\t<span class=\"elementor-button-text\">Politika privatnosti<\/span>\n\t\t\t\t\t<\/span>\n\t\t\t\t\t<\/a>\n\t\t\t\t\t\t\t\t<\/div>\n\t\t\t\t\t<\/div>\n\t\t\t\t<\/div>\n\t\t<div class=\"elementor-element elementor-element-585058c e-flex e-con-boxed elementor-invisible e-con e-parent\" data-id=\"585058c\" data-element_type=\"container\" data-e-type=\"container\" data-settings=\"{&quot;background_background&quot;:&quot;classic&quot;,&quot;animation&quot;:&quot;zoomIn&quot;}\">\n\t\t\t\t\t<div class=\"e-con-inner\">\n\t\t\t\t<div class=\"elementor-element elementor-element-b26002d elementor-widget elementor-widget-image\" data-id=\"b26002d\" data-element_type=\"widget\" data-e-type=\"widget\" data-widget_type=\"image.default\">\n\t\t\t\t\t\t\t\t\t\t\t\t\t\t\t<img decoding=\"async\" width=\"800\" height=\"239\" src=\"https:\/\/chatgptm.unisb.hr\/wp-content\/uploads\/2026\/03\/nextgeneu_en-1024x306.jpg\" class=\"attachment-large size-large wp-image-411\" alt=\"\" srcset=\"https:\/\/chatgptm.unisb.hr\/wp-content\/uploads\/2026\/03\/nextgeneu_en-1024x306.jpg 1024w, https:\/\/chatgptm.unisb.hr\/wp-content\/uploads\/2026\/03\/nextgeneu_en-300x90.jpg 300w, https:\/\/chatgptm.unisb.hr\/wp-content\/uploads\/2026\/03\/nextgeneu_en-768x230.jpg 768w, https:\/\/chatgptm.unisb.hr\/wp-content\/uploads\/2026\/03\/nextgeneu_en.jpg 1100w\" sizes=\"(max-width: 800px) 100vw, 800px\" \/>\t\t\t\t\t\t\t\t\t\t\t\t\t\t\t<\/div>\n\t\t\t\t<div class=\"elementor-element elementor-element-62a15a0 elementor-widget__width-initial elementor-widget elementor-widget-text-editor\" data-id=\"62a15a0\" data-element_type=\"widget\" data-e-type=\"widget\" data-widget_type=\"text-editor.default\">\n\t\t\t\t\t\t\t\t\t<p>Financirano sredstvima Europske unije. Izneseni stavovi i mi\u0161ljenja pripadaju isklju\u010divo autorima i ne odra\u017eavaju nu\u017eno stavove Europske unije ili Europske komisije. Ni Europska unija ni Europska komisija ne mogu se smatrati odgovornima za njih.<\/p>\t\t\t\t\t\t\t\t<\/div>\n\t\t\t\t<div class=\"elementor-element elementor-element-8b9d7e8 elementor-widget__width-initial elementor-widget elementor-widget-text-editor\" data-id=\"8b9d7e8\" data-element_type=\"widget\" data-e-type=\"widget\" data-widget_type=\"text-editor.default\">\n\t\t\t\t\t\t\t\t\t<p>\u00a9 2026 ChatGPT-M NPOO-002 Project<\/p>\t\t\t\t\t\t\t\t<\/div>\n\t\t\t\t\t<\/div>\n\t\t\t\t<\/div>\n\t\t\t\t<\/div>\n\t\t","protected":false},"excerpt":{"rendered":"<p>NASLOVNICA\u00a0 \u00a0 O PROJEKTU\u00a0 \u00a0 \u00a0NA\u0160 TIM\u00a0 \u00a0 \u00a0REZULTATI\u00a0 \u00a0 \u00a0NOVOSTI\u00a0 \u00a0 \u00a0KONTAKT\u00a0 \u00a0 \u00a0 \u00a0 \u00a0 \u00a0 \u00a0 \u00a0 \u00a0 \u00a0 \u00a0 \u00a0 \u00a0 \u00a0 \u00a0\u00a0 Kontaktirajte nas Contact Form Demo (#3) ImePrezimeEmail adresaNaslovPorukaSla\u017eem se da se moji podaci koriste za slanje novosti i newslettera te sam upoznat\/a s Politikom privatnosti. Prihva\u0107amPo\u0161alji Politika privatnosti [&hellip;]<\/p>\n","protected":false},"author":2,"featured_media":0,"parent":0,"menu_order":0,"comment_status":"closed","ping_status":"closed","template":"","meta":{"footnotes":""},"class_list":["post-432","page","type-page","status-publish","hentry"],"_links":{"self":[{"href":"https:\/\/chatgptm.unisb.hr\/en\/wp-json\/wp\/v2\/pages\/432","targetHints":{"allow":["GET"]}}],"collection":[{"href":"https:\/\/chatgptm.unisb.hr\/en\/wp-json\/wp\/v2\/pages"}],"about":[{"href":"https:\/\/chatgptm.unisb.hr\/en\/wp-json\/wp\/v2\/types\/page"}],"author":[{"embeddable":true,"href":"https:\/\/chatgptm.unisb.hr\/en\/wp-json\/wp\/v2\/users\/2"}],"replies":[{"embeddable":true,"href":"https:\/\/chatgptm.unisb.hr\/en\/wp-json\/wp\/v2\/comments?post=432"}],"version-history":[{"count":25,"href":"https:\/\/chatgptm.unisb.hr\/en\/wp-json\/wp\/v2\/pages\/432\/revisions"}],"predecessor-version":[{"id":785,"href":"https:\/\/chatgptm.unisb.hr\/en\/wp-json\/wp\/v2\/pages\/432\/revisions\/785"}],"wp:attachment":[{"href":"https:\/\/chatgptm.unisb.hr\/en\/wp-json\/wp\/v2\/media?parent=432"}],"curies":[{"name":"wp","href":"https:\/\/api.w.org\/{rel}","templated":true}]}}